{"id":60,"date":"2013-01-28T16:21:41","date_gmt":"2013-01-28T15:21:41","guid":{"rendered":"http:\/\/domenig-wallner.dev.azedo.at\/?page_id=60"},"modified":"2021-09-29T14:00:12","modified_gmt":"2021-09-29T12:00:12","slug":"imprint","status":"publish","type":"page","link":"https:\/\/www.domenig-wallner.at\/en\/imprint\/","title":{"rendered":"Imprint"},"content":{"rendered":"<div class=\"gb-container gb-container-d97033e0\"><div class=\"gb-inside-container\">\n\n<h1 class=\"gb-headline gb-headline-f954ab05 gb-headline-text\">Imprint<\/h1>\n\n\n\n<p><strong>Architekten DOMENIG &amp; WALLNER ZT GmbH<br \/><\/strong>Jahngasse 9\/I<br \/>A-8010 Graz<br \/>\u00d6sterreich<br \/>T +43\/316\/827753<br \/>F +43\/316\/827753-9<br \/>www.domenig-wallner.at<br \/><img loading=\"lazy\" decoding=\"async\" class=\"size-full wp-image-5173 alignnone\" src=\"https:\/\/www.domenig-wallner.at\/wp-content\/uploads\/2013\/01\/mail.jpg\" alt=\"mail\" width=\"173\" height=\"20\"\/><br \/>UID: ATU 61677938<br \/>Firmenbuchnr.: FN 262755 f<br \/>Gerichtsstand: Graz<br \/>Gesch\u00e4ftsf\u00fchrender Gesellschafter: Arch.DI Gerhard Wallner<\/p>\n<hr \/>\n<p><strong>Architekt GERHARD WALLNER ZT GmbH<br \/><\/strong>Jahngasse 9\/I<br \/>A-8010 Graz<br \/>\u00d6sterreich<br \/>T +43\/316\/827753<br \/>F +43\/316\/827753-9<br \/>www.domenig-wallner.at<br \/><img loading=\"lazy\" decoding=\"async\" class=\"size-full wp-image-5173 alignnone\" src=\"https:\/\/www.domenig-wallner.at\/wp-content\/uploads\/2013\/01\/mail.jpg\" alt=\"mail\" width=\"173\" height=\"20\"\/><br \/>UID: ATU 62778300<br \/>Firmenbuchnr.: FN 281318 d<br \/>Gerichtsstand: Graz<br \/>Gesch\u00e4ftsf\u00fchrender Gesellschafter: Arch.DI Gerhard Wallner<\/p>\n<p>Die Inhalte dieser Website sind urheberrechtlich gesch\u00fctzt und d\u00fcrfen ohne Genehmigung seitens des Medieninhabers in keiner Form reproduziert oder unter Verwendung elektronischer Systeme verarbeitet, vervielf\u00e4ltigt oder verbreitet werden, es sei denn, Gegenteiliges w\u00e4re ausdr\u00fccklich vermerkt.<\/p>\n\n<\/div><\/div>","protected":false},"excerpt":{"rendered":"<p>Imprint Architekten DOMENIG &amp; WALLNER ZT GmbHJahngasse 9\/IA-8010 Graz\u00d6sterreichT +43\/316\/827753F +43\/316\/827753-9www.domenig-wallner.atUID: ATU 61677938Firmenbuchnr.: FN 262755 fGerichtsstand: GrazGesch\u00e4ftsf\u00fchrender Gesellschafter: Arch.DI Gerhard Wallner Architekt GERHARD WALLNER ZT GmbHJahngasse 9\/IA-8010 Graz\u00d6sterreichT +43\/316\/827753F +43\/316\/827753-9www.domenig-wallner.atUID: ATU 62778300Firmenbuchnr.: FN 281318 dGerichtsstand: GrazGesch\u00e4ftsf\u00fchrender Gesellschafter: Arch.DI Gerhard Wallner Die Inhalte dieser Website sind urheberrechtlich gesch\u00fctzt und d\u00fcrfen ohne Genehmigung seitens des Medieninhabers in &#8230; <\/p>\n<p class=\"read-more-container\"><a title=\"Imprint\" class=\"read-more button\" href=\"https:\/\/www.domenig-wallner.at\/en\/imprint\/#more-60\" aria-label=\"Read more about Imprint\">Read more<\/a><\/p>\n","protected":false},"author":1,"featured_media":0,"parent":0,"menu_order":0,"comment_status":"closed","ping_status":"closed","template":"","meta":{"_acf_changed":false,"_uag_custom_page_level_css":"","wpupg_custom_link":[],"wpupg_custom_link_behaviour":[],"wpupg_custom_link_nofollow":[],"wpupg_custom_image":[],"wpupg_custom_image_id":[],"footnotes":""},"class_list":["post-60","page","type-page","status-publish"],"acf":[],"uagb_featured_image_src":{"full":false,"thumbnail":false,"medium":false,"medium_large":false,"large":false,"gs-tiny":false,"xl":false,"xxl":false,"xxxl":false,"xxxxl":false,"xxxxxl":false,"1536x1536":false,"2048x2048":false},"uagb_author_info":{"display_name":"mranner","author_link":"https:\/\/www.domenig-wallner.at\/en\/author\/mranner\/"},"uagb_comment_info":0,"uagb_excerpt":"Imprint Architekten DOMENIG &amp; WALLNER ZT GmbHJahngasse 9\/IA-8010 Graz\u00d6sterreichT +43\/316\/827753F +43\/316\/827753-9www.domenig-wallner.atUID: ATU 61677938Firmenbuchnr.: FN 262755 fGerichtsstand: GrazGesch\u00e4ftsf\u00fchrender Gesellschafter: Arch.DI Gerhard Wallner Architekt GERHARD WALLNER ZT GmbHJahngasse 9\/IA-8010 Graz\u00d6sterreichT +43\/316\/827753F +43\/316\/827753-9www.domenig-wallner.atUID: ATU 62778300Firmenbuchnr.: FN 281318 dGerichtsstand: GrazGesch\u00e4ftsf\u00fchrender Gesellschafter: Arch.DI Gerhard Wallner Die Inhalte dieser Website sind urheberrechtlich gesch\u00fctzt und d\u00fcrfen ohne Genehmigung seitens des Medieninhabers in&hellip;","_links":{"self":[{"href":"https:\/\/www.domenig-wallner.at\/en\/wp-json\/wp\/v2\/pages\/60","targetHints":{"allow":["GET"]}}],"collection":[{"href":"https:\/\/www.domenig-wallner.at\/en\/wp-json\/wp\/v2\/pages"}],"about":[{"href":"https:\/\/www.domenig-wallner.at\/en\/wp-json\/wp\/v2\/types\/page"}],"author":[{"embeddable":true,"href":"https:\/\/www.domenig-wallner.at\/en\/wp-json\/wp\/v2\/users\/1"}],"replies":[{"embeddable":true,"href":"https:\/\/www.domenig-wallner.at\/en\/wp-json\/wp\/v2\/comments?post=60"}],"version-history":[{"count":8,"href":"https:\/\/www.domenig-wallner.at\/en\/wp-json\/wp\/v2\/pages\/60\/revisions"}],"predecessor-version":[{"id":4988,"href":"https:\/\/www.domenig-wallner.at\/en\/wp-json\/wp\/v2\/pages\/60\/revisions\/4988"}],"wp:attachment":[{"href":"https:\/\/www.domenig-wallner.at\/en\/wp-json\/wp\/v2\/media?parent=60"}],"curies":[{"name":"wp","href":"https:\/\/api.w.org\/{rel}","templated":true}]}}